{"id":484,"date":"2022-07-25T07:43:19","date_gmt":"2022-07-25T05:43:19","guid":{"rendered":"https:\/\/starbelly-demo.bslthemes.com\/?page_id=484"},"modified":"2025-09-14T16:03:03","modified_gmt":"2025-09-14T14:03:03","slug":"o-projekcie","status":"publish","type":"page","link":"https:\/\/forum-soleckie2025.pl\/?page_id=484","title":{"rendered":"O projekcie"},"content":{"rendered":"\t\t<div data-elementor-type=\"wp-page\" data-elementor-id=\"484\" class=\"elementor elementor-484\">\n\t\t\t\t\t\t\t\t\t<section class=\"elementor-section elementor-top-section elementor-element elementor-element-66fc807 elementor-section-full_width elementor-section-height-default elementor-section-height-default\" data-id=\"66fc807\" data-element_type=\"section\">\n\t\t\t\t\t\t<div class=\"elementor-container elementor-column-gap-no\">\n\t\t\t\t\t<div class=\"elementor-column elementor-col-100 elementor-top-column elementor-element elementor-element-4a5d255\" data-id=\"4a5d255\" data-element_type=\"column\">\n\t\t\t<div class=\"elementor-widget-wrap elementor-element-populated\">\n\t\t\t\t\t\t\t\t<div class=\"elementor-element elementor-element-ef7fa22 elementor-widget elementor-widget-starbelly-intro\" data-id=\"ef7fa22\" data-element_type=\"widget\" data-widget_type=\"starbelly-intro.default\">\n\t\t\t\t<div class=\"elementor-widget-container\">\n\t\t\t\n\t\t<!-- banner -->\n\t\t<section class=\"sb-banner sb-banner-sm sb-banner-color\">\n\t\t\t<div class=\"container\">\n\t\t\t\t<div class=\"row\">\n\t\t\t\t\t<div class=\"col-lg-12\">\n\t\t\t\t\t\t<!-- main title -->\n\t\t\t\t\t\t<div class=\"sb-main-title-frame\">\n\t\t\t\t\t\t\t<div class=\"sb-main-title text-center\">\n\t\t\t\t\t\t\t\t\t\t\t\t\t\t\t\t<span class=\"sb-suptitle sb-mb-30\">\n\t\t\t\t\t\t\t\t\t<span >\n\t\t\t\t\t          O projekcie\t\t\t\t\t        <\/span>\n\t\t\t\t\t\t\t\t<\/span>\n\t\t\t\t\t\t\t\t\t\t\t\t\t\t\t\t\t\t\t\t\t\t\t\t<h1 class=\"sb-title-el sb-mb-30\">\n\t\t\t\t\t\t\t\t\t<span >\n\t\t\t\t\t          IV Forum So\u0142eckie Subregionu Wa\u0142brzyskiego\t\t\t\t\t        <\/span>\n\t\t\t\t\t\t\t\t<\/h1>\n\t\t\t\t\t\t\t\t\t\t\t\t\t\t\t\t\t\t\t\t\t\t\t\t<p class=\"sb-text sb-text-lg sb-mb-30\">\n\t\t\t\t\t\t\t\t\t<span >\n\t\t\t\t\t          Tworzenie przysz\u0142o\u015bci obszar\u00f3w wiejskich\t\t\t\t\t        <\/span>\n\t\t\t\t\t\t\t\t<\/p>\n\t\t\t\t\t\t\t\t\t\t\t\t\t\t\t\t\t\t\t\t\t\t\t\t<ul class=\"sb-breadcrumbs\"><li><a href=\"https:\/\/forum-soleckie2025.pl\" title=\"Forum So\u0142eckie 2025\">Home<\/a><\/li><li class=\"sb-active\"><a ><\/a><\/li><\/ul>\t\t\t\t\t\t\t\t\t\t\t\t\t\t\t<\/div>\n\t\t\t\t\t\t<\/div>\n\t\t\t\t\t\t<!-- main title end -->\n\t\t\t\t\t<\/div>\n\t\t\t\t<\/div>\n\t\t\t<\/div>\n\t\t<\/section>\n\t\t<!-- banner end -->\n\n\t\t\t\t<\/div>\n\t\t\t\t<\/div>\n\t\t\t\t\t<\/div>\n\t\t<\/div>\n\t\t\t\t\t\t\t<\/div>\n\t\t<\/section>\n\t\t\t\t<section class=\"elementor-section elementor-top-section elementor-element elementor-element-66d7733 elementor-section-full_width elementor-section-height-default elementor-section-height-default\" data-id=\"66d7733\" data-element_type=\"section\">\n\t\t\t\t\t\t<div class=\"elementor-container elementor-column-gap-default\">\n\t\t\t\t\t<div class=\"elementor-column elementor-col-100 elementor-top-column elementor-element elementor-element-270981d\" data-id=\"270981d\" data-element_type=\"column\">\n\t\t\t<div class=\"elementor-widget-wrap elementor-element-populated\">\n\t\t\t\t\t\t\t\t<div class=\"elementor-element elementor-element-987845b elementor-widget elementor-widget-starbelly-about-us\" data-id=\"987845b\" data-element_type=\"widget\" data-widget_type=\"starbelly-about-us.default\">\n\t\t\t\t<div class=\"elementor-widget-container\">\n\t\t\t\n    <!-- About text -->\n    <section class=\"sb-about-text sb-p-90-0\">\n\t\t\t\t\t\t\t\t\t<div class=\"sb-bg-2\" style=\"margin-top: 90px\">\n\t\t\t\t<div><\/div>\n\t\t\t<\/div>\n\t\t\t\n\t\t\t<div class=\"container\">\n        <div class=\"row\">\n          <div class=\"col-lg-6 align-self-center\">\n            <div class=\"sb-illustration-2 sb-mb-90\">\n                            <div class=\"sb-interior-frame\">\n                <img decoding=\"async\" src=\"https:\/\/forum-soleckie2025.pl\/wp-content\/uploads\/2023\/06\/5959-950x634.jpg\" alt=\"image\" class=\"sb-interior\" style=\"object-position: center\">\n              <\/div>\n              \n                            <div class=\"sb-square\"><\/div>\n              \n                            <div class=\"sb-cirkle-1\"><\/div>\n              <div class=\"sb-cirkle-2\"><\/div>\n              <div class=\"sb-cirkle-3\"><\/div>\n              <div class=\"sb-cirkle-4\"><\/div>\n              \n                            <div class=\"sb-experience\">\n                <div class=\"sb-exp-content\">\n                  <p class=\"sb-h1 sb-mb-10\">\n                    <span >\n              \t\t\t\t4              \t\t\t<\/span>\n                  <\/p>\n                                    <p class=\"sb-h3\">\n                    <span >\n              \t\t\t\tForum So\u0142eckie Subregionu Wa\u0142brzyskiego              \t\t\t<\/span>\n                  <\/p>\n                                  <\/div>\n              <\/div>\n                          <\/div>\n          <\/div>\n          <div class=\"col-lg-6 align-self-center sb-mb-60\">\n                        <h2 class=\"sb-mb-60\">\n              <span >\n        \t\t\t\tPrzysz\u0142o\u015b\u0107 obszar\u00f3w wiejskich        \t\t\t<\/span>\n            <\/h2>\n                                    <div class=\"sb-text sb-mb-30\">\n              <div >\n        \t\t\t  <p>Zapraszamy na<strong> IV Forum So\u0142eckie Subregionu Wa\u0142brzyskiego<\/strong>! Wydarzenie odb\u0119dzie si\u0119 3 pa\u017adziernika 2025 r. w Centrum Edukacji Turystyki i Kultury (Stronie \u015al\u0105skie, ul. Ko\u015bciuszki 18) o godz. 16:00.<\/p><p>G\u0142\u00f3wnym celem IV Forum So\u0142eckiego jest stworzenie przestrzeni, w ramach kt\u00f3rej przedstawiciele gmin z obszaru subregionu wa\u0142brzyskiego b\u0119d\u0105 mogli pozyska\u0107 przydatn\u0105 wiedz\u0119 i umiej\u0119tno\u015bci z obszar\u00f3w istotnych dla rozwoju obszar\u00f3w wiejskich. To doskona\u0142a okazja do wymiany do\u015bwiadcze\u0144 i pomys\u0142\u00f3w dotycz\u0105cych dzia\u0142alno\u015bci so\u0142ectw oraz realizowania wsp\u00f3lnych projekt\u00f3w.<\/p><p><strong>Tegoroczna edycja Forum po\u015bwi\u0119cona b\u0119dzie szeroko poj\u0119temu obszarowi ekologii.<\/strong> Podczas dw\u00f3ch paneli dyskusyjnych porozmawiamy o tym jak chroni\u0107 obszary wiejskie przed skutkami intensywnych opad\u00f3w oraz jak lokalne produkty buduj\u0105 ekologiczn\u0105 to\u017csamo\u015b\u0107 regionu B\u0119dzie r\u00f3wnie\u017c okazja do zapoznania si\u0119 z lokalnym r\u0119kodzie\u0142em oraz podziwiania tradycyjnych stroj\u00f3w.<\/p><p>Serdecznie zapraszamy wszystkich zainteresowanych do udzia\u0142u w IV Forum So\u0142eckim Subregionu Wa\u0142brzyskiego. B\u0119dzie to niezwyk\u0142a okazja do zdobycia nowej wiedzy, nawi\u0105zania warto\u015bciowych kontakt\u00f3w i inspiruj\u0105cej wymiany do\u015bwiadcze\u0144. Niezapomniane chwile i ciekawe dyskusje czekaj\u0105 na naszych uczestnik\u00f3w. <strong>Do\u0142\u0105cz do nas i b\u0105d\u017a cz\u0119\u015bci\u0105 tego inspiruj\u0105cego wydarzenia!<\/strong><\/p><p>Do zobaczenia!<\/p>        \t\t\t<\/div>\n            <\/div>\n                                    <img decoding=\"async\" src=\"https:\/\/forum-soleckie2025.pl\/wp-content\/uploads\/2022\/07\/lkmlm.png\" alt=\"image\" class=\"sb-signature sb-mb-30\">\n                      <\/div>\n        <\/div>\n      <\/div>\n    <\/section>\n    <!-- About text end -->\n\n\t\t\t\t<\/div>\n\t\t\t\t<\/div>\n\t\t\t\t\t<\/div>\n\t\t<\/div>\n\t\t\t\t\t\t\t<\/div>\n\t\t<\/section>\n\t\t\t\t<section class=\"elementor-section elementor-top-section elementor-element elementor-element-510467a6 elementor-section-full_width elementor-section-height-default elementor-section-height-default\" data-id=\"510467a6\" data-element_type=\"section\">\n\t\t\t\t\t\t<div class=\"elementor-container elementor-column-gap-no\">\n\t\t\t\t\t<div class=\"elementor-column elementor-col-100 elementor-top-column elementor-element elementor-element-407147e0\" data-id=\"407147e0\" data-element_type=\"column\">\n\t\t\t<div class=\"elementor-widget-wrap elementor-element-populated\">\n\t\t\t\t\t\t\t\t<div class=\"elementor-element elementor-element-51a45a60 elementor-widget elementor-widget-starbelly-categories\" data-id=\"51a45a60\" data-element_type=\"widget\" data-widget_type=\"starbelly-categories.default\">\n\t\t\t\t<div class=\"elementor-widget-container\">\n\t\t\t\n\t\t<!-- categories -->\n\t\t<section class=\"sb-p-0-60\">\n\t\t\t<div class=\"container\">\n\t\t\t\t\t\t\t\t<div class=\"sb-group-title sb-mb-30\">\n\t\t\t\t\t\t\t\t\t\t<div class=\"sb-left sb-mb-30\">\n\t\t\t\t\t\t\t\t\t\t\t\t<h2 class=\"sb-title--h sb-mb-30\">\n\t\t\t\t\t\t\t<span >\n\t\t\t\t\t\t\t\tObejrzyj film edukacyjny dla so\u0142tys\u00f3w i przygotuj si\u0119 na inspiruj\u0105ce wydarzenie!\t\t\t\t\t\t\t<\/span>\n\t\t\t\t\t\t<\/h2>\n\t\t\t\t\t\t\t\t\t\t\t\t\t\t\t\t\t\t<p class=\"sb-text\">\n\t\t\t\t\t\t\t<span >\n\t\t\t\t\t\t\t\tZapraszamy do obejrzenia naszego nowego filmu edukacyjnego dedykowanego so\u0142tysom i przedstawicielom gmin z obszaru Ziemi Wa\u0142brzyskiej! Ten pe\u0142en inspiracji i przydatnych wskaz\u00f3wek film ma na celu dostarczenie wiedzy i umiej\u0119tno\u015bci niezb\u0119dnych do skutecznego zarz\u0105dzania i rozwoju obszar\u00f3w wiejskich.\t\t\t\t\t\t\t<\/span>\n\t\t\t\t\t\t<\/p>\n\t\t\t\t\t\t\t\t\t\t\t<\/div>\n\t\t\t\t\t\t\t\t\t\t\t\t\t\t\t<div class=\"sb-right sb-mb-30\">\n\t\t\t\t\t\t<!-- button -->\n\t\t\t\t\t\t<a href=\"https:\/\/www.facebook.com\/ProjektyLokalne\/videos\/258669196872151\" class=\"sb-btn sb-m-0\">\n\t\t\t\t\t\t\t<span class=\"sb-icon\">\n\t\t\t\t\t\t\t\t<span class=\"sb-icon-arrow\"><\/span>\n\t\t\t\t\t\t\t<\/span>\n\t\t\t\t\t\t\t<span >\n\t\t\t\t\t\t\t\tOgl\u0105daj film!\t\t\t\t\t\t\t<\/span>\n\t\t\t\t\t\t<\/a>\n\t\t\t\t\t\t<!-- button end -->\n\t\t\t\t\t<\/div>\n\t\t\t\t\t\t\t\t\t<\/div>\n\t\t\t\t\n\t\t\t\t\t\t\t<\/div>\n\t\t<\/section>\n\t\t<!-- categories end -->\n\n\t\t\t\t<\/div>\n\t\t\t\t<\/div>\n\t\t\t\t\t<\/div>\n\t\t<\/div>\n\t\t\t\t\t\t\t<\/div>\n\t\t<\/section>\n\t\t\t\t<section class=\"elementor-section elementor-top-section elementor-element elementor-element-30144ba elementor-section-full_width elementor-section-height-default elementor-section-height-default\" data-id=\"30144ba\" data-element_type=\"section\">\n\t\t\t\t\t\t<div class=\"elementor-container elementor-column-gap-no\">\n\t\t\t\t\t<div class=\"elementor-column elementor-col-100 elementor-top-column elementor-element elementor-element-eef8611\" data-id=\"eef8611\" data-element_type=\"column\">\n\t\t\t<div class=\"elementor-widget-wrap elementor-element-populated\">\n\t\t\t\t\t\t\t\t<div class=\"elementor-element elementor-element-f9f6c64 elementor-widget elementor-widget-starbelly-categories\" data-id=\"f9f6c64\" data-element_type=\"widget\" data-widget_type=\"starbelly-categories.default\">\n\t\t\t\t<div class=\"elementor-widget-container\">\n\t\t\t\n\t\t<!-- categories -->\n\t\t<section class=\"sb-p-0-60\">\n\t\t\t<div class=\"container\">\n\t\t\t\t\t\t\t\t<div class=\"sb-group-title sb-mb-30\">\n\t\t\t\t\t\t\t\t\t\t<div class=\"sb-left sb-mb-30\">\n\t\t\t\t\t\t\t\t\t\t\t\t<h2 class=\"sb-title--h sb-mb-30\">\n\t\t\t\t\t\t\t<span >\n\t\t\t\t\t\t\t\tForum so\u0142eckie to dopiero pocz\u0105tek naszych dzia\u0142a\u0144!\t\t\t\t\t\t\t<\/span>\n\t\t\t\t\t\t<\/h2>\n\t\t\t\t\t\t\t\t\t\t\t\t\t\t\t\t\t\t<p class=\"sb-text\">\n\t\t\t\t\t\t\t<span >\n\t\t\t\t\t\t\t\tNaszym celem jest wzmocnienie kompetencji os\u00f3b dzia\u0142aj\u0105cych w organach so\u0142ectw i przedstawicieli organizacji na obszarze so\u0142ectw. Skierowane jest to do so\u0142tys\u00f3w, rad so\u0142eckich i innych organizacji, kt\u00f3re wspieraj\u0105 rozw\u00f3j so\u0142ectw jako jednostek pomocniczych gmin. <br><br>Uczestnicy projektu zdob\u0119d\u0105 wiedz\u0119 w trzech kluczowych obszarach: finanse so\u0142ectwa, aktywizacja spo\u0142eczno\u015bci lokalnych oraz ekologia (ochrona w\u00f3d, odnawialne \u017ar\u00f3d\u0142a energii, zagospodarowanie przestrzenne).\t\t\t\t\t\t\t<\/span>\n\t\t\t\t\t\t<\/p>\n\t\t\t\t\t\t\t\t\t\t\t<\/div>\n\t\t\t\t\t\t\t\t\t\t\t\t\t\t\t<div class=\"sb-right sb-mb-30\">\n\t\t\t\t\t\t<!-- button -->\n\t\t\t\t\t\t<a href=\"https:\/\/forms.gle\/Ng1J6Caod9sW3oz3A\" class=\"sb-btn sb-m-0\">\n\t\t\t\t\t\t\t<span class=\"sb-icon\">\n\t\t\t\t\t\t\t\t<span class=\"sb-icon-arrow\"><\/span>\n\t\t\t\t\t\t\t<\/span>\n\t\t\t\t\t\t\t<span >\n\t\t\t\t\t\t\t\tZarejestruj si\u0119 na IV Forum So\u0142eckie\t\t\t\t\t\t\t<\/span>\n\t\t\t\t\t\t<\/a>\n\t\t\t\t\t\t<!-- button end -->\n\t\t\t\t\t<\/div>\n\t\t\t\t\t\t\t\t\t<\/div>\n\t\t\t\t\n\t\t\t\t\t\t\t\t<div class=\"row\">\n\t\t\t\t\t\t\t\t\t\t<div class=\"col-lg-3\">\n\t\t\t\t\t\t<a href=\"#\" class=\"sb-categorie-card sb-mb-30\">\n\t\t\t\t\t\t\t<div class=\"sb-card-body\">\n\t\t\t\t\t\t\t\t\t\t\t\t\t\t\t\t<div class=\"sb-category-icon\">\n\t\t\t\t\t\t\t\t\t<img decoding=\"async\" src=\"https:\/\/forum-soleckie2025.pl\/wp-content\/uploads\/2022\/07\/lkmlm.png\" alt=\"icon\" \/>\n\t\t\t\t\t\t\t\t<\/div>\n\t\t\t\t\t\t\t\t\t\t\t\t\t\t\t\t\t\t\t\t\t\t\t\t<div class=\"sb-card-descr\">\n\t\t\t\t\t\t\t\t\t\t\t\t\t\t\t\t\t\t<h3 class=\"sb-mb-10\">\n\t\t\t\t\t\t\t\t\t\t<span >\n\t\t\t\t\t        \t\t7 warsztat\u00f3w tematycznych\t\t\t\t\t        \t<\/span>\n\t\t\t\t\t\t\t\t\t<\/h3>\n\t\t\t\t\t\t\t\t\t\t\t\t\t\t\t\t\t\t\t\t\t\t\t\t\t\t\t<p class=\"sb-text\">\n\t\t\t\t\t\t\t\t\t\t<span >\n\t\t\t\t\t        \t\tskierowanych do przedstawicieli so\u0142ectw z terenu Subregionu Wa\u0142brzyskiego.\t\t\t\t\t        \t<\/span>\n\t\t\t\t\t\t\t\t\t<\/p>\n\t\t\t\t\t\t\t\t\t\t\t\t\t\t\t\t\t\t\t\t\t\t\t\t\t\t\t<!-- button -->\n\t\t\t\t\t\t\t\t\t<span class=\"sb-btn sb-btn-2 sb-btn-icon sb-mt-15 sb-m-0\">\n\t\t\t\t\t\t\t\t\t\t<span class=\"sb-icon\">\n\t\t\t\t\t\t\t\t\t\t\t<span class=\"sb-icon-arrow\"><\/span>\n\t\t\t\t\t\t\t\t\t\t<\/span>\n\t\t\t\t\t\t\t\t\t<\/span>\n\t\t\t\t\t\t\t\t\t<!-- button end -->\n\t\t\t\t\t\t\t\t\t\t\t\t\t\t\t\t\t<\/div>\n\t\t\t\t\t\t\t\t\t\t\t\t\t\t\t<\/div>\n\t\t\t\t\t\t<\/a>\n\t\t\t\t\t<\/div>\n\t\t\t\t\t\t\t\t\t\t<div class=\"col-lg-3\">\n\t\t\t\t\t\t<a href=\"\" class=\"sb-categorie-card sb-mb-30\">\n\t\t\t\t\t\t\t<div class=\"sb-card-body\">\n\t\t\t\t\t\t\t\t\t\t\t\t\t\t\t\t<div class=\"sb-category-icon\">\n\t\t\t\t\t\t\t\t\t<img decoding=\"async\" src=\"https:\/\/forum-soleckie2025.pl\/wp-content\/uploads\/2022\/07\/lkmlm.png\" alt=\"icon\" \/>\n\t\t\t\t\t\t\t\t<\/div>\n\t\t\t\t\t\t\t\t\t\t\t\t\t\t\t\t\t\t\t\t\t\t\t\t<div class=\"sb-card-descr\">\n\t\t\t\t\t\t\t\t\t\t\t\t\t\t\t\t\t\t<h3 class=\"sb-mb-10\">\n\t\t\t\t\t\t\t\t\t\t<span >\n\t\t\t\t\t        \t\tDedykowana broszura\t\t\t\t\t        \t<\/span>\n\t\t\t\t\t\t\t\t\t<\/h3>\n\t\t\t\t\t\t\t\t\t\t\t\t\t\t\t\t\t\t\t\t\t\t\t\t\t\t\t<p class=\"sb-text\">\n\t\t\t\t\t\t\t\t\t\t<span >\n\t\t\t\t\t        \t\tzawieraj\u0105ca przydatne informacje i porady s\u0142u\u017c\u0105ce wzmacnianiu instytucjonalnemu\nso\u0142ectw.\t\t\t\t\t        \t<\/span>\n\t\t\t\t\t\t\t\t\t<\/p>\n\t\t\t\t\t\t\t\t\t\t\t\t\t\t\t\t\t\t\t\t\t\t\t\t\t\t\t<!-- button -->\n\t\t\t\t\t\t\t\t\t<span class=\"sb-btn sb-btn-2 sb-btn-icon sb-mt-15 sb-m-0\">\n\t\t\t\t\t\t\t\t\t\t<span class=\"sb-icon\">\n\t\t\t\t\t\t\t\t\t\t\t<span class=\"sb-icon-arrow\"><\/span>\n\t\t\t\t\t\t\t\t\t\t<\/span>\n\t\t\t\t\t\t\t\t\t<\/span>\n\t\t\t\t\t\t\t\t\t<!-- button end -->\n\t\t\t\t\t\t\t\t\t\t\t\t\t\t\t\t\t<\/div>\n\t\t\t\t\t\t\t\t\t\t\t\t\t\t\t<\/div>\n\t\t\t\t\t\t<\/a>\n\t\t\t\t\t<\/div>\n\t\t\t\t\t\t\t\t\t\t<div class=\"col-lg-3\">\n\t\t\t\t\t\t<a href=\"#\" class=\"sb-categorie-card sb-mb-30\">\n\t\t\t\t\t\t\t<div class=\"sb-card-body\">\n\t\t\t\t\t\t\t\t\t\t\t\t\t\t\t\t<div class=\"sb-category-icon\">\n\t\t\t\t\t\t\t\t\t<img decoding=\"async\" src=\"https:\/\/forum-soleckie2025.pl\/wp-content\/uploads\/2022\/07\/lkmlm.png\" alt=\"icon\" \/>\n\t\t\t\t\t\t\t\t<\/div>\n\t\t\t\t\t\t\t\t\t\t\t\t\t\t\t\t\t\t\t\t\t\t\t\t<div class=\"sb-card-descr\">\n\t\t\t\t\t\t\t\t\t\t\t\t\t\t\t\t\t\t<h3 class=\"sb-mb-10\">\n\t\t\t\t\t\t\t\t\t\t<span >\n\t\t\t\t\t        \t\t4 filmy edukacyjne dla so\u0142tys\u00f3w\t\t\t\t\t        \t<\/span>\n\t\t\t\t\t\t\t\t\t<\/h3>\n\t\t\t\t\t\t\t\t\t\t\t\t\t\t\t\t\t\t\t\t\t\t\t\t\t\t\t<p class=\"sb-text\">\n\t\t\t\t\t\t\t\t\t\t<span >\n\t\t\t\t\t        \t\tprezentuj\u0105ce praktyczn\u0105\nwiedz\u0119 na tematy dotycz\u0105ce dzia\u0142alno\u015bci so\u0142ectw.\t\t\t\t\t        \t<\/span>\n\t\t\t\t\t\t\t\t\t<\/p>\n\t\t\t\t\t\t\t\t\t\t\t\t\t\t\t\t\t\t\t\t\t\t\t\t\t\t\t<!-- button -->\n\t\t\t\t\t\t\t\t\t<span class=\"sb-btn sb-btn-2 sb-btn-icon sb-mt-15 sb-m-0\">\n\t\t\t\t\t\t\t\t\t\t<span class=\"sb-icon\">\n\t\t\t\t\t\t\t\t\t\t\t<span class=\"sb-icon-arrow\"><\/span>\n\t\t\t\t\t\t\t\t\t\t<\/span>\n\t\t\t\t\t\t\t\t\t<\/span>\n\t\t\t\t\t\t\t\t\t<!-- button end -->\n\t\t\t\t\t\t\t\t\t\t\t\t\t\t\t\t\t<\/div>\n\t\t\t\t\t\t\t\t\t\t\t\t\t\t\t<\/div>\n\t\t\t\t\t\t<\/a>\n\t\t\t\t\t<\/div>\n\t\t\t\t\t\t\t\t\t\t<div class=\"col-lg-3\">\n\t\t\t\t\t\t<a href=\"#\" class=\"sb-categorie-card sb-mb-30\">\n\t\t\t\t\t\t\t<div class=\"sb-card-body\">\n\t\t\t\t\t\t\t\t\t\t\t\t\t\t\t\t<div class=\"sb-category-icon\">\n\t\t\t\t\t\t\t\t\t<img decoding=\"async\" src=\"https:\/\/forum-soleckie2025.pl\/wp-content\/uploads\/2022\/07\/lkmlm.png\" alt=\"icon\" \/>\n\t\t\t\t\t\t\t\t<\/div>\n\t\t\t\t\t\t\t\t\t\t\t\t\t\t\t\t\t\t\t\t\t\t\t\t<div class=\"sb-card-descr\">\n\t\t\t\t\t\t\t\t\t\t\t\t\t\t\t\t\t\t<h3 class=\"sb-mb-10\">\n\t\t\t\t\t\t\t\t\t\t<span >\n\t\t\t\t\t        \t\tTrzy edycje Forum So\u0142eckiego\t\t\t\t\t        \t<\/span>\n\t\t\t\t\t\t\t\t\t<\/h3>\n\t\t\t\t\t\t\t\t\t\t\t\t\t\t\t\t\t\t\t\t\t\t\t\t\t\t\t<p class=\"sb-text\">\n\t\t\t\t\t\t\t\t\t\t<span >\n\t\t\t\t\t        \t\tw 2023 - finanse so\u0142ectwa,\nw 2024 - partycypacja spo\u0142eczna,\nw 2025 - ochrona \u015brodowiska.\t\t\t\t\t        \t<\/span>\n\t\t\t\t\t\t\t\t\t<\/p>\n\t\t\t\t\t\t\t\t\t\t\t\t\t\t\t\t\t\t\t\t\t\t\t\t\t\t\t<!-- button -->\n\t\t\t\t\t\t\t\t\t<span class=\"sb-btn sb-btn-2 sb-btn-icon sb-mt-15 sb-m-0\">\n\t\t\t\t\t\t\t\t\t\t<span class=\"sb-icon\">\n\t\t\t\t\t\t\t\t\t\t\t<span class=\"sb-icon-arrow\"><\/span>\n\t\t\t\t\t\t\t\t\t\t<\/span>\n\t\t\t\t\t\t\t\t\t<\/span>\n\t\t\t\t\t\t\t\t\t<!-- button end -->\n\t\t\t\t\t\t\t\t\t\t\t\t\t\t\t\t\t<\/div>\n\t\t\t\t\t\t\t\t\t\t\t\t\t\t\t<\/div>\n\t\t\t\t\t\t<\/a>\n\t\t\t\t\t<\/div>\n\t\t\t\t\t\t\t\t\t<\/div>\n\t\t\t\t\t\t\t<\/div>\n\t\t<\/section>\n\t\t<!-- categories end -->\n\n\t\t\t\t<\/div>\n\t\t\t\t<\/div>\n\t\t\t\t\t<\/div>\n\t\t<\/div>\n\t\t\t\t\t\t\t<\/div>\n\t\t<\/section>\n\t\t\t\t<section class=\"elementor-section elementor-top-section elementor-element elementor-element-5599d106 elementor-section-boxed elementor-section-height-default elementor-section-height-default\" data-id=\"5599d106\" data-element_type=\"section\">\n\t\t\t\t\t\t<div class=\"elementor-container elementor-column-gap-default\">\n\t\t\t\t\t<div class=\"elementor-column elementor-col-100 elementor-top-column elementor-element elementor-element-34f72319\" data-id=\"34f72319\" data-element_type=\"column\">\n\t\t\t<div class=\"elementor-widget-wrap elementor-element-populated\">\n\t\t\t\t\t\t\t\t<section class=\"elementor-section elementor-inner-section elementor-element elementor-element-4b37504f elementor-section-boxed elementor-section-height-default elementor-section-height-default\" data-id=\"4b37504f\" data-element_type=\"section\">\n\t\t\t\t\t\t<div class=\"elementor-container elementor-column-gap-default\">\n\t\t\t\t\t<div class=\"elementor-column elementor-col-100 elementor-inner-column elementor-element elementor-element-52a4694d\" data-id=\"52a4694d\" data-element_type=\"column\">\n\t\t\t<div class=\"elementor-widget-wrap elementor-element-populated\">\n\t\t\t\t\t\t\t\t<div class=\"elementor-element elementor-element-47b74b4b elementor-hidden-tablet elementor-hidden-mobile elementor-widget elementor-widget-image\" data-id=\"47b74b4b\" data-element_type=\"widget\" data-widget_type=\"image.default\">\n\t\t\t\t<div class=\"elementor-widget-container\">\n\t\t\t<style>\/*! elementor - v3.14.0 - 26-06-2023 *\/\n.elementor-widget-image{text-align:center}.elementor-widget-image a{display:inline-block}.elementor-widget-image a img[src$=\".svg\"]{width:48px}.elementor-widget-image img{vertical-align:middle;display:inline-block}<\/style>\t\t\t\t\t\t\t\t\t\t\t\t<img loading=\"lazy\" decoding=\"async\" width=\"1200\" height=\"628\" src=\"https:\/\/forum-soleckie2025.pl\/wp-content\/uploads\/2025\/09\/wydarzenie-kopia.jpg\" class=\"attachment-full size-full wp-image-1787\" alt=\"\" srcset=\"https:\/\/forum-soleckie2025.pl\/wp-content\/uploads\/2025\/09\/wydarzenie-kopia.jpg 1200w, https:\/\/forum-soleckie2025.pl\/wp-content\/uploads\/2025\/09\/wydarzenie-kopia-300x157.jpg 300w, https:\/\/forum-soleckie2025.pl\/wp-content\/uploads\/2025\/09\/wydarzenie-kopia-1024x536.jpg 1024w, https:\/\/forum-soleckie2025.pl\/wp-content\/uploads\/2025\/09\/wydarzenie-kopia-768x402.jpg 768w, https:\/\/forum-soleckie2025.pl\/wp-content\/uploads\/2025\/09\/wydarzenie-kopia-950x497.jpg 950w\" sizes=\"auto, (max-width: 1200px) 100vw, 1200px\" \/>\t\t\t\t\t\t\t\t\t\t\t\t\t\t\t<\/div>\n\t\t\t\t<\/div>\n\t\t\t\t<div class=\"elementor-element elementor-element-1863d201 elementor-hidden-desktop elementor-widget elementor-widget-image\" data-id=\"1863d201\" data-element_type=\"widget\" data-widget_type=\"image.default\">\n\t\t\t\t<div class=\"elementor-widget-container\">\n\t\t\t\t\t\t\t\t\t\t\t\t\t\t\t<img loading=\"lazy\" decoding=\"async\" width=\"1300\" height=\"384\" src=\"https:\/\/forum-soleckie2025.pl\/wp-content\/uploads\/2024\/09\/belka-min.jpg\" class=\"attachment-full size-full wp-image-1735\" alt=\"\" srcset=\"https:\/\/forum-soleckie2025.pl\/wp-content\/uploads\/2024\/09\/belka-min.jpg 1300w, https:\/\/forum-soleckie2025.pl\/wp-content\/uploads\/2024\/09\/belka-min-300x89.jpg 300w, https:\/\/forum-soleckie2025.pl\/wp-content\/uploads\/2024\/09\/belka-min-1024x302.jpg 1024w, https:\/\/forum-soleckie2025.pl\/wp-content\/uploads\/2024\/09\/belka-min-768x227.jpg 768w, https:\/\/forum-soleckie2025.pl\/wp-content\/uploads\/2024\/09\/belka-min-950x281.jpg 950w\" sizes=\"auto, (max-width: 1300px) 100vw, 1300px\" \/>\t\t\t\t\t\t\t\t\t\t\t\t\t\t\t<\/div>\n\t\t\t\t<\/div>\n\t\t\t\t<div class=\"elementor-element elementor-element-581a144f elementor-widget elementor-widget-spacer\" data-id=\"581a144f\" data-element_type=\"widget\" data-widget_type=\"spacer.default\">\n\t\t\t\t<div class=\"elementor-widget-container\">\n\t\t\t<style>\/*! elementor - v3.14.0 - 26-06-2023 *\/\n.elementor-column .elementor-spacer-inner{height:var(--spacer-size)}.e-con{--container-widget-width:100%}.e-con-inner>.elementor-widget-spacer,.e-con>.elementor-widget-spacer{width:var(--container-widget-width,var(--spacer-size));--align-self:var(--container-widget-align-self,initial);--flex-shrink:0}.e-con-inner>.elementor-widget-spacer>.elementor-widget-container,.e-con-inner>.elementor-widget-spacer>.elementor-widget-container>.elementor-spacer,.e-con>.elementor-widget-spacer>.elementor-widget-container,.e-con>.elementor-widget-spacer>.elementor-widget-container>.elementor-spacer{height:100%}.e-con-inner>.elementor-widget-spacer>.elementor-widget-container>.elementor-spacer>.elementor-spacer-inner,.e-con>.elementor-widget-spacer>.elementor-widget-container>.elementor-spacer>.elementor-spacer-inner{height:var(--container-widget-height,var(--spacer-size))}<\/style>\t\t<div class=\"elementor-spacer\">\n\t\t\t<div class=\"elementor-spacer-inner\"><\/div>\n\t\t<\/div>\n\t\t\t\t<\/div>\n\t\t\t\t<\/div>\n\t\t\t\t\t<\/div>\n\t\t<\/div>\n\t\t\t\t\t\t\t<\/div>\n\t\t<\/section>\n\t\t\t\t\t<\/div>\n\t\t<\/div>\n\t\t\t\t\t\t\t<\/div>\n\t\t<\/section>\n\t\t\t\t\t\t\t<\/div>\n\t\t","protected":false},"excerpt":{"rendered":"<p>O projekcie IV Forum So\u0142eckie Subregionu Wa\u0142brzyskiego Tworzenie przysz\u0142o\u015bci obszar\u00f3w wiejskich Home 4 Forum So\u0142eckie Subregionu Wa\u0142brzyskiego Przysz\u0142o\u015b\u0107 obszar\u00f3w wiejskich.. <span class=\"sb-el-more\"><a href=\"https:\/\/forum-soleckie2025.pl\/?page_id=484\" class=\"sb-btn\"><span class=\"sb-icon\"><span class=\"sb-icon-arrow\"><\/span><\/span><span>Read more<\/span><\/a><\/span><\/p>\n","protected":false},"author":1,"featured_media":0,"parent":0,"menu_order":0,"comment_status":"closed","ping_status":"closed","template":"template-layout-builder.php","meta":{"footnotes":""},"class_list":["post-484","page","type-page","status-publish","hentry"],"acf":[],"_links":{"self":[{"href":"https:\/\/forum-soleckie2025.pl\/index.php?rest_route=\/wp\/v2\/pages\/484","targetHints":{"allow":["GET"]}}],"collection":[{"href":"https:\/\/forum-soleckie2025.pl\/index.php?rest_route=\/wp\/v2\/pages"}],"about":[{"href":"https:\/\/forum-soleckie2025.pl\/index.php?rest_route=\/wp\/v2\/types\/page"}],"author":[{"embeddable":true,"href":"https:\/\/forum-soleckie2025.pl\/index.php?rest_route=\/wp\/v2\/users\/1"}],"replies":[{"embeddable":true,"href":"https:\/\/forum-soleckie2025.pl\/index.php?rest_route=%2Fwp%2Fv2%2Fcomments&post=484"}],"version-history":[{"count":46,"href":"https:\/\/forum-soleckie2025.pl\/index.php?rest_route=\/wp\/v2\/pages\/484\/revisions"}],"predecessor-version":[{"id":1800,"href":"https:\/\/forum-soleckie2025.pl\/index.php?rest_route=\/wp\/v2\/pages\/484\/revisions\/1800"}],"wp:attachment":[{"href":"https:\/\/forum-soleckie2025.pl\/index.php?rest_route=%2Fwp%2Fv2%2Fmedia&parent=484"}],"curies":[{"name":"wp","href":"https:\/\/api.w.org\/{rel}","templated":true}]}}